{"id":81,"date":"2025-08-03T19:11:51","date_gmt":"2025-08-03T17:11:51","guid":{"rendered":"https:\/\/ostrekadry.com.pl\/?page_id=81"},"modified":"2025-08-06T23:41:59","modified_gmt":"2025-08-06T21:41:59","slug":"galeria-zdjec","status":"publish","type":"page","link":"http:\/\/ostrekadry.com.pl\/index.php\/galeria-zdjec\/","title":{"rendered":"Galeria zdj\u0119\u0107"},"content":{"rendered":"\n<div class=\"wp-block-group alignfull has-foreground-background-color has-background has-global-padding is-layout-constrained wp-block-group-is-layout-constrained\" style=\"margin-top:0;margin-bottom:0;padding-top:0;padding-bottom:0\">\n<div class=\"wp-block-group alignwide has-global-padding is-layout-constrained wp-block-group-is-layout-constrained\" style=\"padding-top:var(--wp--preset--spacing--30);padding-bottom:var(--wp--preset--spacing--30)\">\n<h1 class=\"wp-block-heading alignwide has-background-color has-text-color has-link-color has-medium-font-size wp-elements-2225a3d57f5976416f15331f3610d60d\">Galeria zdj\u0119\u0107<\/h1>\n<\/div>\n<\/div>\n\n\n\n<div class=\"wp-block-group alignfull has-background-background-color has-background has-global-padding is-layout-constrained wp-container-core-group-is-layout-7276a2bb wp-block-group-is-layout-constrained\" style=\"margin-top:0;margin-bottom:0;padding-top:var(--wp--preset--spacing--60);padding-right:var(--wp--preset--spacing--30);padding-bottom:var(--wp--preset--spacing--60);padding-left:var(--wp--preset--spacing--30)\">\n<div class=\"wp-block-group alignwide is-vertical is-layout-flex wp-container-core-group-is-layout-fe9cc265 wp-block-group-is-layout-flex\">\n<div class=\"wp-block-group has-global-padding is-layout-constrained wp-block-group-is-layout-constrained\">\n<h2 class=\"wp-block-heading has-large-font-size\">Przegl\u0105daj wyj\u0105tkowe zdj\u0119cia wydarze\u0144 sportowych i spo\u0142ecznych.<\/h2>\n\n\n\n<p style=\"margin-top:16px\">Galeria pokazuje wybrane fotografie, kt\u00f3re oddaj\u0105 atmosfer\u0119 i szczeg\u00f3\u0142y najwa\u017cniejszych moment\u00f3w.<\/p>\n<\/div>\n<\/div>\n\n\n\n<figure class=\"wp-block-gallery alignwide has-nested-images columns-default is-cropped wp-block-gallery-1 is-layout-flex wp-block-gallery-is-layout-flex\">\n<figure data-wp-context=\"{&quot;imageId&quot;:&quot;69fa50431cb1b&quot;}\" data-wp-interactive=\"core\/image\" data-wp-key=\"69fa50431cb1b\" class=\"wp-block-image size-large wp-lightbox-container\"><img fetchpriority=\"high\" decoding=\"async\" width=\"1024\" height=\"683\" data-wp-class--hide=\"state.isContentHidden\" data-wp-class--show=\"state.isContentVisible\" data-wp-init=\"callbacks.setButtonStyles\" data-wp-on--click=\"actions.showLightbox\" data-wp-on--load=\"callbacks.setButtonStyles\" data-wp-on-window--resize=\"callbacks.setButtonStyles\" data-id=\"15\" src=\"http:\/\/ostrekadry.com.pl\/wp-content\/uploads\/2025\/05\/DJI_0751-1024x683.jpg\" alt=\"\" class=\"wp-image-15\" srcset=\"http:\/\/ostrekadry.com.pl\/wp-content\/uploads\/2025\/05\/DJI_0751-1024x683.jpg 1024w, http:\/\/ostrekadry.com.pl\/wp-content\/uploads\/2025\/05\/DJI_0751-300x200.jpg 300w, http:\/\/ostrekadry.com.pl\/wp-content\/uploads\/2025\/05\/DJI_0751-768x512.jpg 768w, http:\/\/ostrekadry.com.pl\/wp-content\/uploads\/2025\/05\/DJI_0751-1536x1024.jpg 1536w, http:\/\/ostrekadry.com.pl\/wp-content\/uploads\/2025\/05\/DJI_0751-2048x1365.jpg 2048w\" sizes=\"(max-width: 1024px) 100vw, 1024px\" \/><button\n\t\t\tclass=\"lightbox-trigger\"\n\t\t\ttype=\"button\"\n\t\t\taria-haspopup=\"dialog\"\n\t\t\taria-label=\"Powi\u0119ksz\"\n\t\t\tdata-wp-init=\"callbacks.initTriggerButton\"\n\t\t\tdata-wp-on--click=\"actions.showLightbox\"\n\t\t\tdata-wp-style--right=\"state.imageButtonRight\"\n\t\t\tdata-wp-style--top=\"state.imageButtonTop\"\n\t\t>\n\t\t\t<svg xmlns=\"http:\/\/www.w3.org\/2000\/svg\" width=\"12\" height=\"12\" fill=\"none\" viewBox=\"0 0 12 12\">\n\t\t\t\t<path fill=\"#fff\" d=\"M2 0a2 2 0 0 0-2 2v2h1.5V2a.5.5 0 0 1 .5-.5h2V0H2Zm2 10.5H2a.5.5 0 0 1-.5-.5V8H0v2a2 2 0 0 0 2 2h2v-1.5ZM8 12v-1.5h2a.5.5 0 0 0 .5-.5V8H12v2a2 2 0 0 1-2 2H8Zm2-12a2 2 0 0 1 2 2v2h-1.5V2a.5.5 0 0 0-.5-.5H8V0h2Z\" \/>\n\t\t\t<\/svg>\n\t\t<\/button><\/figure>\n\n\n\n<figure data-wp-context=\"{&quot;imageId&quot;:&quot;69fa50431dac8&quot;}\" data-wp-interactive=\"core\/image\" data-wp-key=\"69fa50431dac8\" class=\"wp-block-image size-large is-style-default wp-lightbox-container\"><img decoding=\"async\" width=\"1024\" height=\"683\" data-wp-class--hide=\"state.isContentHidden\" data-wp-class--show=\"state.isContentVisible\" data-wp-init=\"callbacks.setButtonStyles\" data-wp-on--click=\"actions.showLightbox\" data-wp-on--load=\"callbacks.setButtonStyles\" data-wp-on-window--resize=\"callbacks.setButtonStyles\" data-id=\"17\" src=\"http:\/\/ostrekadry.com.pl\/wp-content\/uploads\/2025\/05\/IMG_5966-1024x683.jpg\" alt=\"\" class=\"wp-image-17\" srcset=\"http:\/\/ostrekadry.com.pl\/wp-content\/uploads\/2025\/05\/IMG_5966-1024x683.jpg 1024w, http:\/\/ostrekadry.com.pl\/wp-content\/uploads\/2025\/05\/IMG_5966-300x200.jpg 300w, http:\/\/ostrekadry.com.pl\/wp-content\/uploads\/2025\/05\/IMG_5966-768x512.jpg 768w, http:\/\/ostrekadry.com.pl\/wp-content\/uploads\/2025\/05\/IMG_5966-1536x1024.jpg 1536w, http:\/\/ostrekadry.com.pl\/wp-content\/uploads\/2025\/05\/IMG_5966-2048x1365.jpg 2048w\" sizes=\"(max-width: 1024px) 100vw, 1024px\" \/><button\n\t\t\tclass=\"lightbox-trigger\"\n\t\t\ttype=\"button\"\n\t\t\taria-haspopup=\"dialog\"\n\t\t\taria-label=\"Powi\u0119ksz\"\n\t\t\tdata-wp-init=\"callbacks.initTriggerButton\"\n\t\t\tdata-wp-on--click=\"actions.showLightbox\"\n\t\t\tdata-wp-style--right=\"state.imageButtonRight\"\n\t\t\tdata-wp-style--top=\"state.imageButtonTop\"\n\t\t>\n\t\t\t<svg xmlns=\"http:\/\/www.w3.org\/2000\/svg\" width=\"12\" height=\"12\" fill=\"none\" viewBox=\"0 0 12 12\">\n\t\t\t\t<path fill=\"#fff\" d=\"M2 0a2 2 0 0 0-2 2v2h1.5V2a.5.5 0 0 1 .5-.5h2V0H2Zm2 10.5H2a.5.5 0 0 1-.5-.5V8H0v2a2 2 0 0 0 2 2h2v-1.5ZM8 12v-1.5h2a.5.5 0 0 0 .5-.5V8H12v2a2 2 0 0 1-2 2H8Zm2-12a2 2 0 0 1 2 2v2h-1.5V2a.5.5 0 0 0-.5-.5H8V0h2Z\" \/>\n\t\t\t<\/svg>\n\t\t<\/button><\/figure>\n<\/figure>\n<\/div>\n\n\n\n<p><\/p>\n","protected":false},"excerpt":{"rendered":"<p>Galeria zdj\u0119\u0107 Przegl\u0105daj wyj\u0105tkowe zdj\u0119cia wydarze\u0144 sportowych i spo\u0142ecznych. Galeria pokazuje wybrane fotografie, kt\u00f3re oddaj\u0105 atmosfer\u0119 i szczeg\u00f3\u0142y najwa\u017cniejszych moment\u00f3w.<\/p>\n","protected":false},"author":1,"featured_media":17,"parent":0,"menu_order":0,"comment_status":"closed","ping_status":"closed","template":"no-title","meta":{"footnotes":""},"class_list":["post-81","page","type-page","status-publish","has-post-thumbnail","hentry"],"_links":{"self":[{"href":"http:\/\/ostrekadry.com.pl\/index.php\/wp-json\/wp\/v2\/pages\/81","targetHints":{"allow":["GET"]}}],"collection":[{"href":"http:\/\/ostrekadry.com.pl\/index.php\/wp-json\/wp\/v2\/pages"}],"about":[{"href":"http:\/\/ostrekadry.com.pl\/index.php\/wp-json\/wp\/v2\/types\/page"}],"author":[{"embeddable":true,"href":"http:\/\/ostrekadry.com.pl\/index.php\/wp-json\/wp\/v2\/users\/1"}],"replies":[{"embeddable":true,"href":"http:\/\/ostrekadry.com.pl\/index.php\/wp-json\/wp\/v2\/comments?post=81"}],"version-history":[{"count":4,"href":"http:\/\/ostrekadry.com.pl\/index.php\/wp-json\/wp\/v2\/pages\/81\/revisions"}],"predecessor-version":[{"id":106,"href":"http:\/\/ostrekadry.com.pl\/index.php\/wp-json\/wp\/v2\/pages\/81\/revisions\/106"}],"wp:featuredmedia":[{"embeddable":true,"href":"http:\/\/ostrekadry.com.pl\/index.php\/wp-json\/wp\/v2\/media\/17"}],"wp:attachment":[{"href":"http:\/\/ostrekadry.com.pl\/index.php\/wp-json\/wp\/v2\/media?parent=81"}],"curies":[{"name":"wp","href":"https:\/\/api.w.org\/{rel}","templated":true}]}}